{"id":6226,"date":"2025-06-25T17:43:07","date_gmt":"2025-06-25T14:43:07","guid":{"rendered":"https:\/\/hemmilantila.fi\/kontakta-oss"},"modified":"2025-09-22T12:54:21","modified_gmt":"2025-09-22T09:54:21","slug":"kontakta-oss","status":"publish","type":"page","link":"https:\/\/hemmilantila.fi\/sv\/kontakta-oss","title":{"rendered":"Kontakta oss"},"content":{"rendered":"[vc_row type=&#8221;full_width_background&#8221; full_screen_row_position=&#8221;middle&#8221; column_margin=&#8221;default&#8221; column_direction=&#8221;default&#8221; column_direction_tablet=&#8221;default&#8221; column_direction_phone=&#8221;default&#8221; bg_image=&#8221;6121&#8243; bg_position=&#8221;center bottom&#8221; background_image_loading=&#8221;default&#8221; bg_repeat=&#8221;no-repeat&#8221; scene_position=&#8221;center&#8221; top_padding=&#8221;18%&#8221; bottom_padding=&#8221;13%&#8221; top_padding_phone=&#8221;25%&#8221; bottom_padding_phone=&#8221;25%&#8221; text_color=&#8221;dark&#8221; text_align=&#8221;left&#8221; row_border_radius=&#8221;none&#8221; row_border_radius_applies=&#8221;bg&#8221; overflow=&#8221;visible&#8221; overlay_strength=&#8221;0.3&#8243; gradient_direction=&#8221;left_to_right&#8221; shape_divider_position=&#8221;bottom&#8221; bg_image_animation=&#8221;none&#8221; parallax_bg=&#8221;true&#8221; parallax_bg_speed=&#8221;fast&#8221; gradient_type=&#8221;default&#8221; shape_type=&#8221;&#8221;][vc_column column_padding=&#8221;no-extra-padding&#8221; column_padding_tablet=&#8221;inherit&#8221; column_padding_phone=&#8221;inherit&#8221; column_padding_position=&#8221;all&#8221; column_element_direction_desktop=&#8221;default&#8221; column_element_spacing=&#8221;default&#8221; centered_text=&#8221;true&#8221; desktop_text_alignment=&#8221;default&#8221; tablet_text_alignment=&#8221;default&#8221; phone_text_alignment=&#8221;default&#8221; background_color_opacity=&#8221;1&#8243; background_hover_color_opacity=&#8221;1&#8243; column_backdrop_filter=&#8221;none&#8221; column_shadow=&#8221;none&#8221; column_border_radius=&#8221;none&#8221; column_link_target=&#8221;_self&#8221; column_position=&#8221;default&#8221; gradient_direction=&#8221;left_to_right&#8221; overlay_strength=&#8221;0.3&#8243; width=&#8221;1\/1&#8243; tablet_width_inherit=&#8221;default&#8221; animation_type=&#8221;default&#8221; bg_image_animation=&#8221;none&#8221; border_type=&#8221;simple&#8221; column_border_width=&#8221;none&#8221; column_border_style=&#8221;solid&#8221; column_padding_type=&#8221;default&#8221; gradient_type=&#8221;default&#8221;][nectar_responsive_text inherited_font_style=&#8221;default&#8221; text_color=&#8221;#FFFFFF&#8221; text_direction=&#8221;default&#8221; font_size_desktop=&#8221;60&#8243; font_line_height=&#8221;1.2&#8243; font_size_phone=&#8221;32&#8243; max_width=&#8221;900&#8243;]\n<h1>Kontakta oss<\/h1>\n[\/nectar_responsive_text][\/vc_column][\/vc_row][vc_row type=&#8221;full_width_background&#8221; full_screen_row_position=&#8221;middle&#8221; column_margin=&#8221;default&#8221; column_direction=&#8221;default&#8221; column_direction_tablet=&#8221;default&#8221; column_direction_phone=&#8221;default&#8221; scene_position=&#8221;center&#8221; top_padding=&#8221;2%&#8221; bottom_padding=&#8221;5%&#8221; top_padding_phone=&#8221;15%&#8221; constrain_group_5=&#8221;yes&#8221; bottom_padding_phone=&#8221;15%&#8221; text_color=&#8221;dark&#8221; text_align=&#8221;left&#8221; row_border_radius=&#8221;none&#8221; row_border_radius_applies=&#8221;bg&#8221; overflow=&#8221;visible&#8221; id=&#8221;ammuntasimulaattori&#8221; advanced_gradient_angle=&#8221;180&#8243; overlay_strength=&#8221;0.3&#8243; gradient_direction=&#8221;left_to_right&#8221; shape_divider_position=&#8221;bottom&#8221; bg_image_animation=&#8221;none&#8221; gradient_type=&#8221;default&#8221; shape_type=&#8221;&#8221;][vc_column column_padding=&#8221;no-extra-padding&#8221; column_padding_tablet=&#8221;inherit&#8221; column_padding_phone=&#8221;inherit&#8221; column_padding_position=&#8221;all&#8221; column_element_direction_desktop=&#8221;default&#8221; column_element_spacing=&#8221;default&#8221; desktop_text_alignment=&#8221;default&#8221; tablet_text_alignment=&#8221;default&#8221; phone_text_alignment=&#8221;default&#8221; background_color_opacity=&#8221;1&#8243; background_hover_color_opacity=&#8221;1&#8243; column_backdrop_filter=&#8221;none&#8221; column_shadow=&#8221;none&#8221; column_border_radius=&#8221;none&#8221; column_link_target=&#8221;_self&#8221; column_position=&#8221;default&#8221; gradient_direction=&#8221;left_to_right&#8221; overlay_strength=&#8221;0.3&#8243; width=&#8221;1\/1&#8243; tablet_width_inherit=&#8221;default&#8221; animation_type=&#8221;default&#8221; bg_image_animation=&#8221;none&#8221; border_type=&#8221;simple&#8221; column_border_width=&#8221;none&#8221; column_border_style=&#8221;solid&#8221;][vc_row_inner equal_height=&#8221;yes&#8221; content_placement=&#8221;top&#8221; column_margin=&#8221;80px&#8221; column_direction=&#8221;default&#8221; column_direction_tablet=&#8221;default&#8221; column_direction_phone=&#8221;default&#8221; top_padding=&#8221;2%&#8221; text_align=&#8221;left&#8221; row_position=&#8221;default&#8221; row_position_tablet=&#8221;inherit&#8221; row_position_phone=&#8221;inherit&#8221; overflow=&#8221;visible&#8221; pointer_events=&#8221;all&#8221;][vc_column_inner column_padding=&#8221;no-extra-padding&#8221; column_padding_tablet=&#8221;inherit&#8221; column_padding_phone=&#8221;inherit&#8221; column_padding_position=&#8221;all&#8221; column_element_direction_desktop=&#8221;default&#8221; column_element_spacing=&#8221;default&#8221; desktop_text_alignment=&#8221;default&#8221; tablet_text_alignment=&#8221;default&#8221; phone_text_alignment=&#8221;default&#8221; background_color_opacity=&#8221;1&#8243; background_hover_color_opacity=&#8221;1&#8243; column_backdrop_filter=&#8221;none&#8221; column_shadow=&#8221;none&#8221; column_border_radius=&#8221;none&#8221; column_link_target=&#8221;_self&#8221; overflow=&#8221;visible&#8221; gradient_direction=&#8221;left_to_right&#8221; overlay_strength=&#8221;0.3&#8243; width=&#8221;1\/2&#8243; tablet_width_inherit=&#8221;default&#8221; animation_type=&#8221;default&#8221; bg_image_animation=&#8221;none&#8221; border_type=&#8221;simple&#8221; column_border_width=&#8221;none&#8221; column_border_style=&#8221;solid&#8221; column_padding_type=&#8221;default&#8221; gradient_type=&#8221;default&#8221;][vc_column_text css=&#8221;&#8221; text_direction=&#8221;default&#8221;]Hemmil\u00e4 g\u00e5rd ligger i Laitila, cirka en timmes bilresa fr\u00e5n \u00c5bo. N\u00e4rmaste flygplats och t\u00e5gstation finns i \u00c5bo. Resan fr\u00e5n centrala Helsingfors tar knappt tre timmar med bil.<\/p>\n<p>V\u00e4lkommen att bekanta dig med evenemangsplatsen och jaktmarkerna i f\u00f6rv\u00e4g![\/vc_column_text][vc_column_text css=&#8221;&#8221; text_direction=&#8221;default&#8221;]Med formul\u00e4ret nedan kan du kontakta oss och be om en offert f\u00f6r din grupp. Vi skr\u00e4ddarsyr dagens program enligt era behov.<\/p>\n<p>T\u00e4nk p\u00e5 att ha alla n\u00f6dv\u00e4ndiga jakttillst\u00e5nd i ordning. Vi hj\u00e4lper utl\u00e4ndska g\u00e4ster med jakttillst\u00e5nd.<\/p>\n<p>HEMMIL\u00c4 G\u00c5RD<\/p>\n<p>Tero Hemmil\u00e4<br \/>\n<a href=\"tel:+358400522012\">040 052 2012<\/a><br \/>\n<a href=\"mailto:tero.hemmila@outlook.com\">tero.hemmila@outlook.com<\/a><\/p>\n<p>Kaivolantie 1088<br \/>\n23800 LAITILA<br \/>\nOrg.nr 22113761-2<\/p>\n<p><a href=\"https:\/\/hemmilantila.fi\/sv\">hemmilantila.fi<\/a>[\/vc_column_text][divider line_type=&#8221;No Line&#8221; custom_height=&#8221;30&#8243; custom_height_phone=&#8221;10&#8243;][nectar_gmap map_type=&#8221;leaflet&#8221; zoom=&#8221;14&#8243; marker_style=&#8221;default&#8221; color=&#8221;accent-color&#8221; leaflet_map_greyscale=&#8221;1&#8243; map_center_lat=&#8221;60.8692544&#8243; map_center_lng=&#8221;21.9230263&#8243;][image_with_animation image_url=&#8221;6191&#8243; image_size=&#8221;full&#8221; max_width=&#8221;100%&#8221; max_width_mobile=&#8221;default&#8221; animation_type=&#8221;entrance&#8221; animation=&#8221;None&#8221; animation_movement_type=&#8221;transform_y&#8221; hover_animation=&#8221;none&#8221; alignment=&#8221;&#8221; border_radius=&#8221;none&#8221; box_shadow=&#8221;none&#8221; image_loading=&#8221;default&#8221; margin_top=&#8221;12&#8243;][\/vc_column_inner][vc_column_inner column_padding=&#8221;padding-4-percent&#8221; column_padding_tablet=&#8221;inherit&#8221; column_padding_phone=&#8221;inherit&#8221; column_padding_position=&#8221;all&#8221; top_margin_phone=&#8221;-50&#8243; column_element_direction_desktop=&#8221;default&#8221; column_element_spacing=&#8221;default&#8221; desktop_text_alignment=&#8221;default&#8221; tablet_text_alignment=&#8221;default&#8221; phone_text_alignment=&#8221;default&#8221; background_color=&#8221;#A6BBB6&#8243; background_color_opacity=&#8221;1&#8243; background_hover_color_opacity=&#8221;1&#8243; column_backdrop_filter=&#8221;none&#8221; column_shadow=&#8221;none&#8221; column_border_radius=&#8221;10px&#8221; column_link_target=&#8221;_self&#8221; overflow=&#8221;visible&#8221; gradient_direction=&#8221;left_to_right&#8221; overlay_strength=&#8221;0.3&#8243; width=&#8221;1\/2&#8243; tablet_width_inherit=&#8221;default&#8221; animation_type=&#8221;default&#8221; bg_image_animation=&#8221;none&#8221; border_type=&#8221;simple&#8221; column_border_width=&#8221;none&#8221; column_border_style=&#8221;solid&#8221; column_padding_type=&#8221;default&#8221; gradient_type=&#8221;default&#8221;]<style id=\"wpforms-css-vars-5944\">\n\t\t\t\t#wpforms-5944 {\n\t\t\t\t\n\t\t\t}\n\t\t\t<\/style><div class=\"wpforms-container wpforms-container-full wpforms-render-modern\" id=\"wpforms-5944\"><form id=\"wpforms-form-5944\" class=\"wpforms-validate wpforms-form wpforms-ajax-form\" data-formid=\"5944\" method=\"post\" enctype=\"multipart\/form-data\" action=\"\/sv\/wp-json\/wp\/v2\/pages\/6226\" data-token=\"25b959f53bb00cd8d8413219372d3a07\" data-token-time=\"1776961911\"><noscript class=\"wpforms-error-noscript\">Aktivera JavaScript i din webbl\u00e4sare f\u00f6r att fylla i formul\u00e4ret.<\/noscript><div id=\"wpforms-error-noscript\" style=\"display: none;\">Aktivera JavaScript i din webbl\u00e4sare f\u00f6r att fylla i formul\u00e4ret.<\/div><div class=\"wpforms-field-container\"><div id=\"wpforms-5944-field_3-container\" class=\"wpforms-field wpforms-field-checkbox wpforms-conditional-trigger\" data-field-id=\"3\"><fieldset><legend class=\"wpforms-field-label\">Jag \u00e4r intresserad av <span class=\"wpforms-required-label\" aria-hidden=\"true\">*<\/span><\/legend><ul id=\"wpforms-5944-field_3\" class=\"wpforms-field-required\"><li class=\"choice-1 depth-1\"><input type=\"checkbox\" id=\"wpforms-5944-field_3_1\" name=\"wpforms[fields][3][]\" value=\"Dagjakt (vitsvanshjort och r\u00e5djur)\" aria-errormessage=\"wpforms-5944-field_3_1-error\" required ><label class=\"wpforms-field-label-inline\" for=\"wpforms-5944-field_3_1\">Dagjakt (vitsvanshjort och r\u00e5djur)<\/label><\/li><li class=\"choice-2 depth-1\"><input type=\"checkbox\" id=\"wpforms-5944-field_3_2\" name=\"wpforms[fields][3][]\" value=\"Kv\u00e4llsjakt (vitsvanshjort)\" aria-errormessage=\"wpforms-5944-field_3_2-error\" required ><label class=\"wpforms-field-label-inline\" for=\"wpforms-5944-field_3_2\">Kv\u00e4llsjakt (vitsvanshjort)<\/label><\/li><li class=\"choice-3 depth-1\"><input type=\"checkbox\" id=\"wpforms-5944-field_3_3\" name=\"wpforms[fields][3][]\" value=\"Jakt p\u00e5 annat vilt\" aria-errormessage=\"wpforms-5944-field_3_3-error\" required ><label class=\"wpforms-field-label-inline\" for=\"wpforms-5944-field_3_3\">Jakt p\u00e5 annat vilt<\/label><\/li><li class=\"choice-4 depth-1\"><input type=\"checkbox\" id=\"wpforms-5944-field_3_4\" name=\"wpforms[fields][3][]\" value=\"Skjuttr\u00e4ning p\u00e5 skjutbana\" aria-errormessage=\"wpforms-5944-field_3_4-error\" required ><label class=\"wpforms-field-label-inline\" for=\"wpforms-5944-field_3_4\">Skjuttr\u00e4ning p\u00e5 skjutbana<\/label><\/li><li class=\"choice-5 depth-1\"><input type=\"checkbox\" id=\"wpforms-5944-field_3_5\" name=\"wpforms[fields][3][]\" value=\"Skjutsimulator\" aria-errormessage=\"wpforms-5944-field_3_5-error\" required ><label class=\"wpforms-field-label-inline\" for=\"wpforms-5944-field_3_5\">Skjutsimulator<\/label><\/li><li class=\"choice-6 depth-1\"><input type=\"checkbox\" id=\"wpforms-5944-field_3_6\" name=\"wpforms[fields][3][]\" value=\"Andra naturupplevelser\" aria-errormessage=\"wpforms-5944-field_3_6-error\" required ><label class=\"wpforms-field-label-inline\" for=\"wpforms-5944-field_3_6\">Andra naturupplevelser<\/label><\/li><li class=\"choice-7 depth-1\"><input type=\"checkbox\" id=\"wpforms-5944-field_3_7\" name=\"wpforms[fields][3][]\" value=\"Annat\" aria-errormessage=\"wpforms-5944-field_3_7-error\" required ><label class=\"wpforms-field-label-inline\" for=\"wpforms-5944-field_3_7\">Annat<\/label><\/li><\/ul><\/fieldset><\/div><div id=\"wpforms-5944-field_4-container\" class=\"wpforms-field wpforms-field-textarea\" data-field-id=\"4\"><label class=\"wpforms-field-label\" for=\"wpforms-5944-field_4\">Ber\u00e4tta om era \u00f6nskem\u00e5l<\/label><textarea id=\"wpforms-5944-field_4\" class=\"wpforms-field-medium\" name=\"wpforms[fields][4]\" placeholder=\"Till exempel \u00f6nskat datum, gruppens storlek etc.\" aria-errormessage=\"wpforms-5944-field_4-error\" ><\/textarea><\/div><div id=\"wpforms-5944-field_5-container\" class=\"wpforms-field wpforms-field-html\" data-field-id=\"5\"><div id=\"wpforms-5944-field_5\" aria-errormessage=\"wpforms-5944-field_5-error\">Vilken typ av upplevelse eller jaktdag planerar ni? Ber\u00e4tta mer om hur stor grupp ni \u00e4r och n\u00e4r ni skulle vilja komma till Hemmil\u00e4 g\u00e5rds jaktmarker. <\/div><\/div><div id=\"wpforms-5944-field_6-container\" class=\"wpforms-field wpforms-field-textarea wpforms-conditional-field wpforms-conditional-show\" data-field-id=\"6\" style=\"display:none;\"><label class=\"wpforms-field-label wpforms-label-hide\" for=\"wpforms-5944-field_6\" aria-hidden=\"false\">Specifikationer<\/label><textarea id=\"wpforms-5944-field_6\" class=\"wpforms-field-medium\" name=\"wpforms[fields][6]\" aria-errormessage=\"wpforms-5944-field_6-error\" ><\/textarea><\/div><div id=\"wpforms-5944-field_7-container\" class=\"wpforms-field wpforms-field-name\" data-field-id=\"7\"><label class=\"wpforms-field-label\" for=\"wpforms-5944-field_7\">Namn <span class=\"wpforms-required-label\" aria-hidden=\"true\">*<\/span><\/label><input type=\"text\" id=\"wpforms-5944-field_7\" class=\"wpforms-field-large wpforms-field-required\" name=\"wpforms[fields][7]\" aria-errormessage=\"wpforms-5944-field_7-error\" required><\/div><div id=\"wpforms-5944-field_8-container\" class=\"wpforms-field wpforms-field-name\" data-field-id=\"8\"><label class=\"wpforms-field-label\" for=\"wpforms-5944-field_8\">F\u00f6retag<\/label><input type=\"text\" id=\"wpforms-5944-field_8\" class=\"wpforms-field-large\" name=\"wpforms[fields][8]\" aria-errormessage=\"wpforms-5944-field_8-error\" ><\/div><div id=\"wpforms-5944-field_9-container\" class=\"wpforms-field wpforms-field-phone\" data-field-id=\"9\"><label class=\"wpforms-field-label\" for=\"wpforms-5944-field_9\">Telefonnummer<\/label><input type=\"tel\" id=\"wpforms-5944-field_9\" class=\"wpforms-field-large wpforms-smart-phone-field\" data-rule-smart-phone-field=\"true\" name=\"wpforms[fields][9]\" aria-label=\"Telefonnummer\" aria-errormessage=\"wpforms-5944-field_9-error\" ><\/div><div id=\"wpforms-5944-field_10-container\" class=\"wpforms-field wpforms-field-email\" data-field-id=\"10\"><label class=\"wpforms-field-label\" for=\"wpforms-5944-field_10\">E-postadress <span class=\"wpforms-required-label\" aria-hidden=\"true\">*<\/span><\/label><input type=\"email\" id=\"wpforms-5944-field_10\" class=\"wpforms-field-large wpforms-field-required\" name=\"wpforms[fields][10]\" spellcheck=\"false\" aria-errormessage=\"wpforms-5944-field_10-error\" required><\/div><\/div><!-- .wpforms-field-container --><div class=\"wpforms-submit-container\" ><input type=\"hidden\" name=\"wpforms[id]\" value=\"5944\"><input type=\"hidden\" name=\"page_title\" value=\"\"><input type=\"hidden\" name=\"page_url\" value=\"https:\/\/hemmilantila.fi\/sv\/wp-json\/wp\/v2\/pages\/6226\"><input type=\"hidden\" name=\"url_referer\" value=\"https:\/\/hemmilantila.fi\/sv\/kontakta-oss\"><button type=\"submit\" name=\"wpforms[submit]\" id=\"wpforms-submit-5944\" class=\"wpforms-submit\" data-alt-text=\"Skickar...\" data-submit-text=\"Skicka\" aria-live=\"assertive\" value=\"wpforms-submit\">Skicka<\/button><img decoding=\"async\" src=\"https:\/\/hemmilantila.fi\/wp-content\/plugins\/wpforms\/assets\/images\/submit-spin.svg\" class=\"wpforms-submit-spinner\" style=\"display: none;\" width=\"26\" height=\"26\" alt=\"Laddar\"><\/div><\/form><\/div>  <!-- .wpforms-container -->[\/vc_column_inner][\/vc_row_inner][\/vc_column][\/vc_row]\n","protected":false},"excerpt":{"rendered":"<p>[vc_row type=&#8221;full_width_background&#8221; full_screen_row_position=&#8221;middle&#8221; column_margin=&#8221;default&#8221; column_direction=&#8221;default&#8221; column_direction_tablet=&#8221;default&#8221; column_direction_phone=&#8221;default&#8221; bg_image=&#8221;6121&#8243; bg_position=&#8221;center bottom&#8221; background_image_loading=&#8221;default&#8221; bg_repeat=&#8221;no-repeat&#8221; scene_position=&#8221;center&#8221; top_padding=&#8221;18%&#8221; bottom_padding=&#8221;13%&#8221; top_padding_phone=&#8221;25%&#8221; bottom_padding_phone=&#8221;25%&#8221; text_color=&#8221;dark&#8221; text_align=&#8221;left&#8221; row_border_radius=&#8221;none&#8221; row_border_radius_applies=&#8221;bg&#8221; overflow=&#8221;visible&#8221; overlay_strength=&#8221;0.3&#8243; gradient_direction=&#8221;left_to_right&#8221; shape_divider_position=&#8221;bottom&#8221; bg_image_animation=&#8221;none&#8221; parallax_bg=&#8221;true&#8221; parallax_bg_speed=&#8221;fast&#8221; gradient_type=&#8221;default&#8221; shape_type=&#8221;&#8221;][vc_column&#8230;<\/p>\n","protected":false},"author":1,"featured_media":0,"parent":0,"menu_order":0,"comment_status":"closed","ping_status":"closed","template":"","meta":{"footnotes":""},"class_list":["post-6226","page","type-page","status-publish"],"_links":{"self":[{"href":"https:\/\/hemmilantila.fi\/sv\/wp-json\/wp\/v2\/pages\/6226","targetHints":{"allow":["GET"]}}],"collection":[{"href":"https:\/\/hemmilantila.fi\/sv\/wp-json\/wp\/v2\/pages"}],"about":[{"href":"https:\/\/hemmilantila.fi\/sv\/wp-json\/wp\/v2\/types\/page"}],"author":[{"embeddable":true,"href":"https:\/\/hemmilantila.fi\/sv\/wp-json\/wp\/v2\/users\/1"}],"replies":[{"embeddable":true,"href":"https:\/\/hemmilantila.fi\/sv\/wp-json\/wp\/v2\/comments?post=6226"}],"version-history":[{"count":2,"href":"https:\/\/hemmilantila.fi\/sv\/wp-json\/wp\/v2\/pages\/6226\/revisions"}],"predecessor-version":[{"id":6233,"href":"https:\/\/hemmilantila.fi\/sv\/wp-json\/wp\/v2\/pages\/6226\/revisions\/6233"}],"wp:attachment":[{"href":"https:\/\/hemmilantila.fi\/sv\/wp-json\/wp\/v2\/media?parent=6226"}],"curies":[{"name":"wp","href":"https:\/\/api.w.org\/{rel}","templated":true}]}}